{"id":1580,"date":"2023-04-23T16:09:08","date_gmt":"2023-04-23T16:09:08","guid":{"rendered":"https:\/\/mapitrekkingperu.com\/?page_id=1580"},"modified":"2024-11-24T11:04:11","modified_gmt":"2024-11-24T11:04:11","slug":"nosotros","status":"publish","type":"page","link":"https:\/\/mapitrekkingperu.com\/en\/nosotros\/","title":{"rendered":"About Us"},"content":{"rendered":"<div data-elementor-type=\"wp-page\" data-elementor-id=\"1580\" class=\"elementor elementor-1580\">\n\t\t\t\t\t\t<section class=\"elementor-section elementor-top-section elementor-element elementor-element-729a899 elementor-section-content-middle elementor-section-boxed elementor-section-height-default elementor-section-height-default\" data-id=\"729a899\" data-element_type=\"section\" data-settings=\"{&quot;ekit_has_onepagescroll_dot&quot;:&quot;yes&quot;}\">\n\t\t\t\t\t\t<div class=\"elementor-container elementor-column-gap-default\">\n\t\t\t\t\t<div class=\"elementor-column elementor-col-50 elementor-top-column elementor-element elementor-element-bb797df\" data-id=\"bb797df\" data-element_type=\"column\">\n\t\t\t<div class=\"elementor-widget-wrap elementor-element-populated\">\n\t\t\t\t\t\t<div class=\"elementor-element elementor-element-5b821ad elementor-widget elementor-widget-image\" data-id=\"5b821ad\" data-element_type=\"widget\" data-settings=\"{&quot;ekit_we_effect_on&quot;:&quot;none&quot;}\" data-widget_type=\"image.default\">\n\t\t\t\t<div class=\"elementor-widget-container\">\n\t\t\t\t\t\t\t\t\t\t\t\t\t\t\t<img fetchpriority=\"high\" decoding=\"async\" width=\"600\" height=\"600\" src=\"https:\/\/mapitrekkingperu.com\/wp-content\/uploads\/2023\/04\/9.jpg\" class=\"attachment-large size-large wp-image-1727\" alt=\"\" srcset=\"https:\/\/mapitrekkingperu.com\/wp-content\/uploads\/2023\/04\/9.jpg 600w, https:\/\/mapitrekkingperu.com\/wp-content\/uploads\/2023\/04\/9-300x300.jpg 300w, https:\/\/mapitrekkingperu.com\/wp-content\/uploads\/2023\/04\/9-150x150.jpg 150w\" sizes=\"(max-width: 600px) 100vw, 600px\" \/>\t\t\t\t\t\t\t\t\t\t\t\t\t\t\t<\/div>\n\t\t\t\t<\/div>\n\t\t\t\t\t<\/div>\n\t\t<\/div>\n\t\t\t\t<div class=\"elementor-column elementor-col-50 elementor-top-column elementor-element elementor-element-3e73ee4\" data-id=\"3e73ee4\" data-element_type=\"column\">\n\t\t\t<div class=\"elementor-widget-wrap elementor-element-populated\">\n\t\t\t\t\t\t<div class=\"elementor-element elementor-element-30ffc6e elementor-widget elementor-widget-text-editor\" data-id=\"30ffc6e\" data-element_type=\"widget\" data-settings=\"{&quot;ekit_we_effect_on&quot;:&quot;none&quot;}\" data-widget_type=\"text-editor.default\">\n\t\t\t\t<div class=\"elementor-widget-container\">\n\t\t\t\t\t\t\t\t\t<div class=\"wpb_text_column wpb_content_element\"><div class=\"wpb_wrapper\"><p style=\"text-align: justify;\">Somos una empresa familiar, establecidad hace mas de 15 a\u00f1os con la mision de crear experiencias unicas y memorables.<\/p><p style=\"text-align: justify;\"><strong>Mapi trekking Peru<\/strong> es una Agencia de viajes peruana especializada en trekking, Ofrecemos una gran variedad de excursiones que incluyen senderos incaicos o excursiones alternativas, y paquetes en la selva amaz\u00f3nica, as\u00ed como visitas de todo el Per\u00fa. Excelente calidad de servicio personalizado y viajes de campamento al aire libre.<\/p><p style=\"text-align: justify;\">To continue offering a quality service, with a large human group trained in a high level of camping equipment, first class excursions. To create in our visitors and in ourselves respect and admiration towards the legacy of the Inca culture and philosophy, its respect and love for nature highly recommended.<\/p><p style=\"text-align: justify;\">Iniciado en 2010 y crecido r\u00e1pidamente hasta ser una de las mejores agencias en Lima y cusco, gracias a nuestra dedicaci\u00f3n a brindar un excelente servicio.<\/p><\/div><\/div>\t\t\t\t\t\t\t\t<\/div>\n\t\t\t\t<\/div>\n\t\t\t\t\t<\/div>\n\t\t<\/div>\n\t\t\t\t\t<\/div>\n\t\t<\/section>\n\t\t\t\t<section class=\"elementor-section elementor-top-section elementor-element elementor-element-810487c elementor-section-boxed elementor-section-height-default elementor-section-height-default\" data-id=\"810487c\" data-element_type=\"section\" data-settings=\"{&quot;ekit_has_onepagescroll_dot&quot;:&quot;yes&quot;}\">\n\t\t\t\t\t\t<div class=\"elementor-container elementor-column-gap-default\">\n\t\t\t\t\t<div class=\"elementor-column elementor-col-100 elementor-top-column elementor-element elementor-element-da9e5f3\" data-id=\"da9e5f3\" data-element_type=\"column\">\n\t\t\t<div class=\"elementor-widget-wrap elementor-element-populated\">\n\t\t\t\t\t\t<div class=\"elementor-element elementor-element-6d88276 elementor-widget elementor-widget-text-editor\" data-id=\"6d88276\" data-element_type=\"widget\" data-settings=\"{&quot;ekit_we_effect_on&quot;:&quot;none&quot;}\" data-widget_type=\"text-editor.default\">\n\t\t\t\t<div class=\"elementor-widget-container\">\n\t\t\t\t\t\t\t\t\t<div class=\"wpb_text_column wpb_content_element\"><div class=\"wpb_wrapper\"><p style=\"text-align: justify;\">It was started by Apu, who has lived in the Andes for most of his life. He was born in Lima but at a young age he went to live in Cusco where he worked for many years on the Inca Trail, first as a porter and tour guide. His love for the mountains and nature made him fall in love with the Andes.<\/p><p style=\"text-align: justify;\">Mapi trekking Peru is owned in Lima and Cusco, Peru locally. Our goal is to provide the best and most genuine tour of the unconventional places as well as in Lima and all of the Andes. We are here to cater for all your needs and through our range of different tours we are sure we can find a tour to suit your desires.<\/p><p style=\"text-align: justify;\">One of the main objectives of Mapi trekking Peru is to support the local community through creating jobs, sustainable tourism.<\/p><\/div><\/div>\t\t\t\t\t\t\t\t<\/div>\n\t\t\t\t<\/div>\n\t\t\t\t\t<\/div>\n\t\t<\/div>\n\t\t\t\t\t<\/div>\n\t\t<\/section>\n\t\t\t\t<\/div>","protected":false},"excerpt":{"rendered":"<p>Somos una empresa familiar, establecidad hace mas de 15 a\u00f1os con la mision de crear experiencias unicas y memorables. Mapi trekking Per\u00fa es una Agencia de viajes peruana especializada en trekking, Ofrecemos una gran variedad de excursiones que incluyen senderos incaicos o excursiones alternativas, y paquetes en la selva amaz\u00f3nica, as\u00ed como visitas de todo<\/p>","protected":false},"author":1,"featured_media":0,"parent":0,"menu_order":0,"comment_status":"closed","ping_status":"closed","template":"","meta":{"inline_featured_image":false,"_exactmetrics_skip_tracking":false,"_exactmetrics_sitenote_active":false,"_exactmetrics_sitenote_note":"","_exactmetrics_sitenote_category":0,"footnotes":""},"class_list":["post-1580","page","type-page","status-publish","hentry"],"_links":{"self":[{"href":"https:\/\/mapitrekkingperu.com\/en\/wp-json\/wp\/v2\/pages\/1580","targetHints":{"allow":["GET"]}}],"collection":[{"href":"https:\/\/mapitrekkingperu.com\/en\/wp-json\/wp\/v2\/pages"}],"about":[{"href":"https:\/\/mapitrekkingperu.com\/en\/wp-json\/wp\/v2\/types\/page"}],"author":[{"embeddable":true,"href":"https:\/\/mapitrekkingperu.com\/en\/wp-json\/wp\/v2\/users\/1"}],"replies":[{"embeddable":true,"href":"https:\/\/mapitrekkingperu.com\/en\/wp-json\/wp\/v2\/comments?post=1580"}],"version-history":[{"count":17,"href":"https:\/\/mapitrekkingperu.com\/en\/wp-json\/wp\/v2\/pages\/1580\/revisions"}],"predecessor-version":[{"id":12910,"href":"https:\/\/mapitrekkingperu.com\/en\/wp-json\/wp\/v2\/pages\/1580\/revisions\/12910"}],"wp:attachment":[{"href":"https:\/\/mapitrekkingperu.com\/en\/wp-json\/wp\/v2\/media?parent=1580"}],"curies":[{"name":"wp","href":"https:\/\/api.w.org\/{rel}","templated":true}]}}